{"id":87,"date":"2013-04-07T17:30:44","date_gmt":"2013-04-07T17:30:44","guid":{"rendered":"http:\/\/studiohsd.ch\/wp\/?page_id=87"},"modified":"2024-07-19T17:45:52","modified_gmt":"2024-07-19T17:45:52","slug":"partner","status":"publish","type":"page","link":"https:\/\/dh-et-l.ch\/wp\/partner\/","title":{"rendered":"Partner"},"content":{"rendered":"<h2><a title=\"Impressum\" href=\"mailto:shs@dh-et-l.ch\">Sandra Hagenm\u00fcller<\/a><\/h2>\n<p>Neben ihrem Engagement f\u00fcr DH&amp;L Architekten f\u00fchrt Sandra Hagenm\u00fcller seit Juli 2024 <a href=\"http:\/\/www.hagenmueller.ch\" target=\"_blank\" rel=\"noopener\">Hagenm\u00fcller Architektur<\/a>.<\/p>\n<p>2011 hat Sandra Hagenm\u00fcller zusammen mit Lilian Demuth das B\u00fcro Demuth Hagenm\u00fcller Architekten gegr\u00fcndet (ab 2013 Demuth Hagenm\u00fcller &amp; Lamprecht Architekten). Seit 2015 ist sie in verschiedenen Fachjurys t\u00e4tig. Davor arbeitete sie von 2007 bis 2011 bei Knapkiewicz und Fickert Architekten in Z\u00fcrich. Ihr Studium absolvierte sie an der ETH Z\u00fcrich (Diplom bei Prof. Miroslav \u0160ik) und mit einem Auslandstipendium an der Harvard Graduate School of Design (GSD), Boston.<\/p>\n<h2><a href=\"mailto:al@dh-et-l.ch\">Andreas Lamprecht<\/a><\/h2>\n<p>Neben seinem Engagement f\u00fcr DH&amp;L Architekten f\u00fchrt Andreas Lamprecht seit Juli 2024 <a href=\"http:\/\/www.lamprechtvilla.com\" target=\"_blank\" rel=\"noopener\">Lamprecht Villa Architektur<\/a>.<\/p>\n<p>Andreas Lamprecht ist seit 2013 Partner bei Demuth Hagenm\u00fcller &amp; Lamprecht Architekten. Von 2018 bis 2020 war er Assistent bei der Gastprofessur von Roger Boltshauser an der ETH Z\u00fcrich. Von 2007 bis 2011 arbeitete er bei Max Dudler sowie Knapkiewicz und Fickert Architekten in Z\u00fcrich an verschiedenen Bau- und Wettbewerbsprojekten. Andreas Lamprecht studierte an der ETH Z\u00fcrich, sammelte praktische Erfahrung in Berlin bei Barkow Leibinger Architekten und erwarb sein Diplom 2006 an der ETH Z\u00fcrich bei Professor Hans Kollhoff.<\/p>\n<h2><a title=\"Kontakt\" href=\"mailto:ld@dh-et-l.ch\">Lilian Demuth<\/a><\/h2>\n<p>2011 hat Lilian Demuth zusammen mit Sandra Hagenm\u00fcller das B\u00fcro Demuth Hagenm\u00fcller Architekten gegr\u00fcndet (ab 2013 Demuth Hagenm\u00fcller &amp; Lamprecht Architekten). Per Ende 2022 ist Lilian Demuth als Partnerin aus dem B\u00fcro ausgetreten.<\/p>\n","protected":false},"excerpt":{"rendered":"<p>Sandra Hagenm\u00fcller Neben ihrem Engagement f\u00fcr DH&amp;L Architekten f\u00fchrt Sandra Hagenm\u00fcller seit Juli 2024 Hagenm\u00fcller Architektur. 2011 hat Sandra Hagenm\u00fcller zusammen mit Lilian Demuth das B\u00fcro Demuth Hagenm\u00fcller Architekten gegr\u00fcndet (ab 2013 Demuth Hagenm\u00fcller &amp; Lamprecht Architekten). Seit 2015 ist sie in verschiedenen Fachjurys t\u00e4tig. Davor arbeitete sie von 2007 bis 2011 bei Knapkiewicz und [&hellip;]<\/p>\n","protected":false},"author":1,"featured_media":0,"parent":0,"menu_order":0,"comment_status":"open","ping_status":"closed","template":"page-ww.php","meta":{"ngg_post_thumbnail":0},"_links":{"self":[{"href":"https:\/\/dh-et-l.ch\/wp\/wp-json\/wp\/v2\/pages\/87"}],"collection":[{"href":"https:\/\/dh-et-l.ch\/wp\/wp-json\/wp\/v2\/pages"}],"about":[{"href":"https:\/\/dh-et-l.ch\/wp\/wp-json\/wp\/v2\/types\/page"}],"author":[{"embeddable":true,"href":"https:\/\/dh-et-l.ch\/wp\/wp-json\/wp\/v2\/users\/1"}],"replies":[{"embeddable":true,"href":"https:\/\/dh-et-l.ch\/wp\/wp-json\/wp\/v2\/comments?post=87"}],"version-history":[{"count":46,"href":"https:\/\/dh-et-l.ch\/wp\/wp-json\/wp\/v2\/pages\/87\/revisions"}],"predecessor-version":[{"id":3307,"href":"https:\/\/dh-et-l.ch\/wp\/wp-json\/wp\/v2\/pages\/87\/revisions\/3307"}],"wp:attachment":[{"href":"https:\/\/dh-et-l.ch\/wp\/wp-json\/wp\/v2\/media?parent=87"}],"curies":[{"name":"wp","href":"https:\/\/api.w.org\/{rel}","templated":true}]}}